{"id":12,"date":"2018-11-10T09:34:21","date_gmt":"2018-11-10T08:34:21","guid":{"rendered":"http:\/\/267.gvs.arnes.si\/Ucna-pomoc\/?page_id=12"},"modified":"2019-03-13T18:39:21","modified_gmt":"2019-03-13T17:39:21","slug":"ucna-pomoc","status":"publish","type":"page","link":"https:\/\/www.ucna-pomoc.si\/index.php\/ucna-pomoc\/","title":{"rendered":"U\u010dna pomo\u010d za odrasle"},"content":{"rendered":"\n<figure class=\"wp-block-image\"><img decoding=\"async\" loading=\"lazy\" width=\"1024\" height=\"724\" src=\"http:\/\/ucna-pomoc.si\/wp-content\/uploads\/2019\/03\/u\u010cenje_u\u010denja-1024x724.jpg\" alt=\"\" class=\"wp-image-178\" srcset=\"https:\/\/www.ucna-pomoc.si\/wp-content\/uploads\/2019\/03\/u\u010cenje_u\u010denja-1024x724.jpg 1024w, https:\/\/www.ucna-pomoc.si\/wp-content\/uploads\/2019\/03\/u\u010cenje_u\u010denja-300x212.jpg 300w, https:\/\/www.ucna-pomoc.si\/wp-content\/uploads\/2019\/03\/u\u010cenje_u\u010denja-768x543.jpg 768w\" sizes=\"(max-width: 1024px) 100vw, 1024px\" \/><\/figure>\n\n\n<p>\u00a0<\/p>\n<p>U\u010dna pomo\u010d vklju\u010duje razlago in utrjevanje u\u010dne snovi ter seznanjanje udele\u017eencev, ki so vpisani v izobra\u017eevalne programe za dvig izobrazbene ravni, z u\u010dnimi strategijami in tehnikami u\u010denja.<\/p>\n<p>U\u010dna pomo\u010d se mora izvajati za udele\u017eence, ki so vpisani v naslednje izobra\u017eevalne programe: programi ni\u017ejega poklicnega izobra\u017eevanja (NPI), programi srednjega poklicnega izobra\u017eevanja (SPI), programi srednjega strokovnega oziroma tehni\u0161kega izobra\u017eevanja (SSI), programi poklicno-tehni\u0161kega izobra\u017eevanja (PTI), programi gimnazije in opravljanja splo\u0161ne mature, maturitetni te\u010daj in poklicni te\u010daji (PT).<\/p>\n<p>U\u010dna pomo\u010d se izvaja tudi za potrebe udele\u017eencev, ki bodo opravljali mojstrski, delovodski, poslovodski izpit, vklju\u010dno 5 pripravami na izpite. U\u010dno pomo\u010d izvaja u\u010ditelj, ki ima izobrazbene pogoje za pou\u010devanje dolo\u010denega predmeta. U\u010dno pomo\u010d organizira organizator izobra\u017eevanja odraslih in obsega pripravo vsebinskega na\u010drta izvajanja u\u010dne pomo\u010di (ime in priimek odraslega, ime in priimek u\u010ditelja, predmet oziroma vsebina, \u0161tevilo ur, obdobje izvajanja, kraj izvajanja), sodelovanje z izobra\u017eevalno organizacijo v statisti\u010dni regiji, v katero je udele\u017eenec vpisan in spremljanje izvajanja u\u010dne pomo\u010di. Poleg navedenega mora organizator tudi poskrbeti za ozave\u0161\u010danje o u\u010dni pomo\u010di pri vseh \u0161olah znotraj statisti\u010dne regije. U\u010ditelj, ki izvaja u\u010dno pomo\u010d, organizator izobra\u017eevanja odraslih, ki organizira u\u010dno pomo\u010d in udele\u017eenec morajo timsko sodelovati. U\u010dna pomo\u010d se izvaja v skladu z vsebinskim na\u010drtom u\u010dne pomo\u010di, v individualni ali skupinski obliki za predmet, del u\u010dne snovi, za u\u010dne tehnike oziroma strategije u\u010denja. U\u010dna pomo\u010d se lahko hkrati izvaja tudi za ve\u010d predmetov. Izvajanje u\u010dne pomo\u010di poteka v prostorih \u010dlanov konzorcija oziroma v prostorih izobra\u017eevalne organizacije, v katero je udele\u017eenec vpisan v KRVS ali v KRZS. U\u010dna ura izvajanja u\u010dne pomo\u010di traja 45 min.<\/p>\n<p>\u00a0<\/p>\n\n\n<figure class=\"wp-block-image\"><img decoding=\"async\" loading=\"lazy\" width=\"717\" height=\"1024\" src=\"http:\/\/ucna-pomoc.si\/wp-content\/uploads\/2019\/03\/PlakatB2-717x1024.jpg\" alt=\"\" class=\"wp-image-179\" srcset=\"https:\/\/www.ucna-pomoc.si\/wp-content\/uploads\/2019\/03\/PlakatB2-717x1024.jpg 717w, https:\/\/www.ucna-pomoc.si\/wp-content\/uploads\/2019\/03\/PlakatB2-210x300.jpg 210w, https:\/\/www.ucna-pomoc.si\/wp-content\/uploads\/2019\/03\/PlakatB2-768x1097.jpg 768w\" sizes=\"(max-width: 717px) 100vw, 717px\" \/><\/figure>\n","protected":false},"excerpt":{"rendered":"<p>\u00a0 U\u010dna pomo\u010d vklju\u010duje razlago in utrjevanje u\u010dne snovi ter seznanjanje udele\u017eencev, ki so vpisani v izobra\u017eevalne programe za dvig izobrazbene ravni, z u\u010dnimi strategijami in tehnikami u\u010denja. U\u010dna pomo\u010d se mora izvajati za udele\u017eence, ki so vpisani v naslednje izobra\u017eevalne programe: programi ni\u017ejega poklicnega izobra\u017eevanja (NPI), programi srednjega poklicnega izobra\u017eevanja (SPI), programi srednjega strokovnega [&hellip;]<\/p>\n","protected":false},"author":2,"featured_media":0,"parent":0,"menu_order":0,"comment_status":"closed","ping_status":"closed","template":"","meta":[],"_links":{"self":[{"href":"https:\/\/www.ucna-pomoc.si\/index.php\/wp-json\/wp\/v2\/pages\/12"}],"collection":[{"href":"https:\/\/www.ucna-pomoc.si\/index.php\/wp-json\/wp\/v2\/pages"}],"about":[{"href":"https:\/\/www.ucna-pomoc.si\/index.php\/wp-json\/wp\/v2\/types\/page"}],"author":[{"embeddable":true,"href":"https:\/\/www.ucna-pomoc.si\/index.php\/wp-json\/wp\/v2\/users\/2"}],"replies":[{"embeddable":true,"href":"https:\/\/www.ucna-pomoc.si\/index.php\/wp-json\/wp\/v2\/comments?post=12"}],"version-history":[{"count":6,"href":"https:\/\/www.ucna-pomoc.si\/index.php\/wp-json\/wp\/v2\/pages\/12\/revisions"}],"predecessor-version":[{"id":183,"href":"https:\/\/www.ucna-pomoc.si\/index.php\/wp-json\/wp\/v2\/pages\/12\/revisions\/183"}],"wp:attachment":[{"href":"https:\/\/www.ucna-pomoc.si\/index.php\/wp-json\/wp\/v2\/media?parent=12"}],"curies":[{"name":"wp","href":"https:\/\/api.w.org\/{rel}","templated":true}]}}