{"id":6,"date":"2018-11-10T09:33:50","date_gmt":"2018-11-10T08:33:50","guid":{"rendered":"http:\/\/267.gvs.arnes.si\/Ucna-pomoc\/?page_id=6"},"modified":"2019-03-14T11:05:42","modified_gmt":"2019-03-14T10:05:42","slug":"prdstavitev-programa","status":"publish","type":"page","link":"https:\/\/www.ucna-pomoc.si\/","title":{"rendered":"Predstavitev programa"},"content":{"rendered":"<h2>Predstavitev programa:<\/h2>\n<p>Namen aktivnosti projekta, Promocija, animacija in u\u010dna pomo\u010d 2018 &#8211; 2022, je pove\u010dati vklju\u010denost v vse\u017eivljenjsko u\u010denje (v nadaljnjem besedilu VZU) ter izbolj\u0161ati kompetence, ki jih odrasli potrebujejo zaradi potreb na trgu dela, ve\u010dje zaposljivosti in mobilnosti ter osebnega razvoja in delovanja v sodobni dru\u017ebi.<\/p>\n<p>Cilj javnega razpisa je dvigniti izobrazbeno raven in poklicne kompetence odraslih z izvajanjem promocijskih in animacijskih aktivnosti ter z zagotavljanjem u\u010dne pomo\u010di za udele\u017eence izobra\u017eevanja odraslih, ki so v \u010dasu izvajanja u\u010dne pomo\u010di vpisani v izobra\u017eevalne programe za dvig izobrazbene ravni.<\/p>\n<p>Ciljna skupina so odrasli, ki nimajo zaklju\u010dene poklicne ali srednje splo\u0161ne ali strokovne izobrazbe, opravljenega mojstrskega, delovodskega ali poslovodskega izpita, pri \u010demer imajo prednost tisti odrasli, ki imajo zaklju\u010deno najve\u010d osnovno\u0161olsko izobrazbo in\/ali so stari ve\u010d kot 45 let.<\/p>\n<h2>Promocijske aktivnosti:<\/h2>\n<p>Promocijske aktivnosti Promocijske aktivnosti zadevajo \u0161irjenje zavedanja tem, da so \u0161tevilne posameznikove \u017eivljenjske te\u017eave la\u017eje re\u0161ljive z znanjem, da izobra\u017eevanje v odrasli dobi ni posebnost, pa\u010d pa normalen sestavni del tudi tega obdobja \u017eivljenja ter, da se odrasli lahko prav tako uspe\u0161no u\u010dijo kot mladi itn. Promocijske aktivnosti prispevajo k zavedanju, da izobrazba prispeva k ve\u010dji zaposljivosti, mobilnosti, osebnemu razvoju in kakovostnemu \u017eivljenju v sodobni dru\u017ebi ter h gojenju izobra\u017eevanja odraslih kot vrednote. Aktivnosti prispevajo tudi k ve\u010dji prepoznavnosti pomena vse\u017eivljenjskega izobra\u017eevanja in ve\u010dji vklju\u010denosti v izobra\u017eevanje za dvig izobrazbene ravni, s posebnim poudarkom na starej\u0161ih od 45 let in ni\u017eje izobra\u017eenih.<\/p>\n<p><iframe loading=\"lazy\" width=\"1140\" height=\"641\" src=\"https:\/\/www.youtube.com\/embed\/9d6jbLLWJb0?feature=oembed\" frameborder=\"0\" allow=\"accelerometer; autoplay; encrypted-media; gyroscope; picture-in-picture\" allowfullscreen><\/iframe><\/p>\n<p><iframe loading=\"lazy\" width=\"1140\" height=\"641\" src=\"https:\/\/www.youtube.com\/embed\/xVvdmFzv1k0?feature=oembed\" frameborder=\"0\" allow=\"accelerometer; autoplay; encrypted-media; gyroscope; picture-in-picture\" allowfullscreen><\/iframe><\/p>\n","protected":false},"excerpt":{"rendered":"<p>Predstavitev programa: Namen aktivnosti projekta, Promocija, animacija in u\u010dna pomo\u010d 2018 &#8211; 2022, je pove\u010dati vklju\u010denost v vse\u017eivljenjsko u\u010denje (v nadaljnjem besedilu VZU) ter izbolj\u0161ati kompetence, ki jih odrasli potrebujejo zaradi potreb na trgu dela, ve\u010dje zaposljivosti in mobilnosti ter osebnega razvoja in delovanja v sodobni dru\u017ebi. Cilj javnega razpisa je dvigniti izobrazbeno raven in [&hellip;]<\/p>\n","protected":false},"author":2,"featured_media":0,"parent":0,"menu_order":0,"comment_status":"closed","ping_status":"closed","template":"","meta":[],"_links":{"self":[{"href":"https:\/\/www.ucna-pomoc.si\/index.php\/wp-json\/wp\/v2\/pages\/6"}],"collection":[{"href":"https:\/\/www.ucna-pomoc.si\/index.php\/wp-json\/wp\/v2\/pages"}],"about":[{"href":"https:\/\/www.ucna-pomoc.si\/index.php\/wp-json\/wp\/v2\/types\/page"}],"author":[{"embeddable":true,"href":"https:\/\/www.ucna-pomoc.si\/index.php\/wp-json\/wp\/v2\/users\/2"}],"replies":[{"embeddable":true,"href":"https:\/\/www.ucna-pomoc.si\/index.php\/wp-json\/wp\/v2\/comments?post=6"}],"version-history":[{"count":5,"href":"https:\/\/www.ucna-pomoc.si\/index.php\/wp-json\/wp\/v2\/pages\/6\/revisions"}],"predecessor-version":[{"id":186,"href":"https:\/\/www.ucna-pomoc.si\/index.php\/wp-json\/wp\/v2\/pages\/6\/revisions\/186"}],"wp:attachment":[{"href":"https:\/\/www.ucna-pomoc.si\/index.php\/wp-json\/wp\/v2\/media?parent=6"}],"curies":[{"name":"wp","href":"https:\/\/api.w.org\/{rel}","templated":true}]}}